{"id":1029,"date":"2025-06-17T16:30:54","date_gmt":"2025-06-17T16:30:54","guid":{"rendered":"http:\/\/cadesol.org\/about\/"},"modified":"2025-06-23T19:19:51","modified_gmt":"2025-06-24T00:19:51","slug":"about","status":"publish","type":"page","link":"https:\/\/cadesol.org\/?page_id=1029","title":{"rendered":"About"},"content":{"rendered":"\t\t<div data-elementor-type=\"wp-page\" data-elementor-id=\"1029\" class=\"elementor elementor-1029\">\n\t\t\t\t<div class=\"elementor-element elementor-element-5ef7019 e-flex e-con-boxed e-con e-parent\" data-id=\"5ef7019\" data-element_type=\"container\" data-settings=\"{&quot;background_background&quot;:&quot;classic&quot;}\">\n\t\t\t\t\t<div class=\"e-con-inner\">\n\t\t\t\t<div class=\"elementor-element elementor-element-5810600 elementor-widget elementor-widget-heading\" data-id=\"5810600\" data-element_type=\"widget\" data-widget_type=\"heading.default\">\n\t\t\t\t<div class=\"elementor-widget-container\">\n\t\t\t\t\t<h1 class=\"elementor-heading-title elementor-size-default\">CADESOL<\/h1>\t\t\t\t<\/div>\n\t\t\t\t<\/div>\n\t\t\t\t<div class=\"elementor-element elementor-element-de75431 elementor-widget elementor-widget-text-editor\" data-id=\"de75431\" data-element_type=\"widget\" data-widget_type=\"text-editor.default\">\n\t\t\t\t<div class=\"elementor-widget-container\">\n\t\t\t\t\t\t\t\t\t<p>Centro Andino para el Desarrollo Sostenible Local<\/p>\t\t\t\t\t\t\t\t<\/div>\n\t\t\t\t<\/div>\n\t\t\t\t\t<\/div>\n\t\t\t\t<\/div>\n\t\t<div class=\"elementor-element elementor-element-44b6349 e-flex e-con-boxed e-con e-parent\" data-id=\"44b6349\" data-element_type=\"container\">\n\t\t\t\t\t<div class=\"e-con-inner\">\n\t\t<div class=\"elementor-element elementor-element-c7c4c4a e-con-full e-flex e-con e-child\" data-id=\"c7c4c4a\" data-element_type=\"container\">\n\t\t<div class=\"elementor-element elementor-element-2c1474f e-con-full e-flex e-con e-child\" data-id=\"2c1474f\" data-element_type=\"container\">\n\t\t\t\t<div class=\"elementor-element elementor-element-32823ce elementor-position-left elementor-vertical-align-middle elementor-mobile-position-left elementor-view-default elementor-widget elementor-widget-icon-box\" data-id=\"32823ce\" data-element_type=\"widget\" data-widget_type=\"icon-box.default\">\n\t\t\t\t<div class=\"elementor-widget-container\">\n\t\t\t\t\t\t\t<div class=\"elementor-icon-box-wrapper\">\n\n\t\t\t\t\t\t<div class=\"elementor-icon-box-icon\">\n\t\t\t\t<span  class=\"elementor-icon\">\n\t\t\t\t<svg aria-hidden=\"true\" class=\"e-font-icon-svg e-fas-leaf\" viewBox=\"0 0 576 512\" xmlns=\"http:\/\/www.w3.org\/2000\/svg\"><path d=\"M546.2 9.7c-5.6-12.5-21.6-13-28.3-1.2C486.9 62.4 431.4 96 368 96h-80C182 96 96 182 96 288c0 7 .8 13.7 1.5 20.5C161.3 262.8 253.4 224 384 224c8.8 0 16 7.2 16 16s-7.2 16-16 16C132.6 256 26 410.1 2.4 468c-6.6 16.3 1.2 34.9 17.5 41.6 16.4 6.8 35-1.1 41.8-17.3 1.5-3.6 20.9-47.9 71.9-90.6 32.4 43.9 94 85.8 174.9 77.2C465.5 467.5 576 326.7 576 154.3c0-50.2-10.8-102.2-29.8-144.6z\"><\/path><\/svg>\t\t\t\t<\/span>\n\t\t\t<\/div>\n\t\t\t\n\t\t\t\t\t\t<div class=\"elementor-icon-box-content\">\n\n\t\t\t\t\t\t\t\t\t<p class=\"elementor-icon-box-title\">\n\t\t\t\t\t\t<span  >\n\t\t\t\t\t\t\tNuestra Historia\t\t\t\t\t\t<\/span>\n\t\t\t\t\t<\/p>\n\t\t\t\t\n\t\t\t\t\n\t\t\t<\/div>\n\t\t\t\n\t\t<\/div>\n\t\t\t\t\t\t<\/div>\n\t\t\t\t<\/div>\n\t\t\t\t<div class=\"elementor-element elementor-element-120abac elementor-widget elementor-widget-heading\" data-id=\"120abac\" data-element_type=\"widget\" data-widget_type=\"heading.default\">\n\t\t\t\t<div class=\"elementor-widget-container\">\n\t\t\t\t\t<h2 class=\"elementor-heading-title elementor-size-default\">Somos CADESOL<\/h2>\t\t\t\t<\/div>\n\t\t\t\t<\/div>\n\t\t\t\t<\/div>\n\t\t<div class=\"elementor-element elementor-element-5ae1c26 e-con-full e-flex e-con e-child\" data-id=\"5ae1c26\" data-element_type=\"container\">\n\t\t\t\t<div class=\"elementor-element elementor-element-a97b63f elementor-widget elementor-widget-text-editor\" data-id=\"a97b63f\" data-element_type=\"widget\" data-widget_type=\"text-editor.default\">\n\t\t\t\t<div class=\"elementor-widget-container\">\n\t\t\t\t\t\t\t\t\t<table border=\"0\" width=\"699\" cellspacing=\"0\" cellpadding=\"0\"><tbody><tr><td width=\"58\">\u00a0<\/td><td valign=\"top\" width=\"352\"><span style=\"color: #587878; font-family: verdana; font-size: small;\">CADESOL es una Asociaci\u00f3n Civil de derecho privado, sin fines de lucro, denominado CENTRO ANDINO PARA EL DESARROLLO SOSTENIBLE LOCAL, constituido por profesionales de diferentes disciplinas, a fines al desarrollo, registrada en el Libro de Asociaciones de los Registros P\u00fablicos de Cajamarca, inscrita en la Agencia Peruana de Cooperaci\u00f3n Internacional (APCI), dedicada a la investigaci\u00f3n, ejecuci\u00f3n y promoci\u00f3n del desarrollo sostenible local democr\u00e1tico y moderno.<\/span><\/td><\/tr><\/tbody><\/table>\t\t\t\t\t\t\t\t<\/div>\n\t\t\t\t<\/div>\n\t\t\t\t<\/div>\n\t\t\t\t<\/div>\n\t\t\t\t<div class=\"elementor-element elementor-element-df46f25 elementor-widget elementor-widget-image\" data-id=\"df46f25\" data-element_type=\"widget\" data-widget_type=\"image.default\">\n\t\t\t\t<div class=\"elementor-widget-container\">\n\t\t\t\t\t\t\t\t\t\t\t\t\t\t\t<img fetchpriority=\"high\" decoding=\"async\" width=\"555\" height=\"310\" src=\"http:\/\/cadesol.org\/wp-content\/uploads\/2025\/06\/somos-cadesol-pag-2.png\" class=\"attachment-full size-full wp-image-1200\" alt=\"\" srcset=\"http:\/\/cadesol.org\/wp-content\/uploads\/2025\/06\/somos-cadesol-pag-2.png 555w, http:\/\/cadesol.org\/wp-content\/uploads\/2025\/06\/somos-cadesol-pag-2-300x168.png 300w\" sizes=\"(max-width: 555px) 100vw, 555px\" \/>\t\t\t\t\t\t\t\t\t\t\t\t\t\t\t<\/div>\n\t\t\t\t<\/div>\n\t\t\t\t\t<\/div>\n\t\t\t\t<\/div>\n\t\t<div class=\"elementor-element elementor-element-7dd9593 e-flex e-con-boxed e-con e-parent\" data-id=\"7dd9593\" data-element_type=\"container\" data-settings=\"{&quot;background_background&quot;:&quot;classic&quot;}\">\n\t\t\t\t\t<div class=\"e-con-inner\">\n\t\t\t\t\t<\/div>\n\t\t\t\t<\/div>\n\t\t<div class=\"elementor-element elementor-element-907eebe e-flex e-con-boxed e-con e-parent\" data-id=\"907eebe\" data-element_type=\"container\">\n\t\t\t\t\t<div class=\"e-con-inner\">\n\t\t<div class=\"elementor-element elementor-element-0b7cbde e-con-full e-flex e-con e-child\" data-id=\"0b7cbde\" data-element_type=\"container\">\n\t\t\t\t<div class=\"elementor-element elementor-element-0373e4c elementor-widget elementor-widget-image\" data-id=\"0373e4c\" data-element_type=\"widget\" data-widget_type=\"image.default\">\n\t\t\t\t<div class=\"elementor-widget-container\">\n\t\t\t\t\t\t\t\t\t\t\t\t\t\t\t<img decoding=\"async\" width=\"378\" height=\"756\" src=\"http:\/\/cadesol.org\/wp-content\/uploads\/2025\/06\/visin-mision-pag-2.png\" class=\"attachment-full size-full wp-image-1201\" alt=\"\" srcset=\"http:\/\/cadesol.org\/wp-content\/uploads\/2025\/06\/visin-mision-pag-2.png 378w, http:\/\/cadesol.org\/wp-content\/uploads\/2025\/06\/visin-mision-pag-2-150x300.png 150w\" sizes=\"(max-width: 378px) 100vw, 378px\" \/>\t\t\t\t\t\t\t\t\t\t\t\t\t\t\t<\/div>\n\t\t\t\t<\/div>\n\t\t\t\t<\/div>\n\t\t<div class=\"elementor-element elementor-element-a631947 e-con-full e-flex e-con e-child\" data-id=\"a631947\" data-element_type=\"container\">\n\t\t\t\t<div class=\"elementor-element elementor-element-83ffee7 elementor-position-left elementor-vertical-align-middle elementor-mobile-position-left elementor-view-default elementor-widget elementor-widget-icon-box\" data-id=\"83ffee7\" data-element_type=\"widget\" data-widget_type=\"icon-box.default\">\n\t\t\t\t<div class=\"elementor-widget-container\">\n\t\t\t\t\t\t\t<div class=\"elementor-icon-box-wrapper\">\n\n\t\t\t\t\t\t<div class=\"elementor-icon-box-icon\">\n\t\t\t\t<span  class=\"elementor-icon\">\n\t\t\t\t<svg aria-hidden=\"true\" class=\"e-font-icon-svg e-fas-leaf\" viewBox=\"0 0 576 512\" xmlns=\"http:\/\/www.w3.org\/2000\/svg\"><path d=\"M546.2 9.7c-5.6-12.5-21.6-13-28.3-1.2C486.9 62.4 431.4 96 368 96h-80C182 96 96 182 96 288c0 7 .8 13.7 1.5 20.5C161.3 262.8 253.4 224 384 224c8.8 0 16 7.2 16 16s-7.2 16-16 16C132.6 256 26 410.1 2.4 468c-6.6 16.3 1.2 34.9 17.5 41.6 16.4 6.8 35-1.1 41.8-17.3 1.5-3.6 20.9-47.9 71.9-90.6 32.4 43.9 94 85.8 174.9 77.2C465.5 467.5 576 326.7 576 154.3c0-50.2-10.8-102.2-29.8-144.6z\"><\/path><\/svg>\t\t\t\t<\/span>\n\t\t\t<\/div>\n\t\t\t\n\t\t\t\n\t\t<\/div>\n\t\t\t\t\t\t<\/div>\n\t\t\t\t<\/div>\n\t\t\t\t<div class=\"elementor-element elementor-element-a00fddf elementor-widget elementor-widget-heading\" data-id=\"a00fddf\" data-element_type=\"widget\" data-widget_type=\"heading.default\">\n\t\t\t\t<div class=\"elementor-widget-container\">\n\t\t\t\t\t<h2 class=\"elementor-heading-title elementor-size-default\">MISION<\/h2>\t\t\t\t<\/div>\n\t\t\t\t<\/div>\n\t\t\t\t<div class=\"elementor-element elementor-element-fc08a90 elementor-widget elementor-widget-text-editor\" data-id=\"fc08a90\" data-element_type=\"widget\" data-widget_type=\"text-editor.default\">\n\t\t\t\t<div class=\"elementor-widget-container\">\n\t\t\t\t\t\t\t\t\t<p>Nuestra misi\u00f3n es elevar el nivel de vida del poblador de las zonas rurales y urbano marginales, mejorando la calidad educativa y la productividad con el uso racional y sistem\u00e1tico de los recursos renovables y no renovables, preservando el equilibrio ecol\u00f3gico y evitando el deterioro ambiental en nuestros \u00e1mbitos de acci\u00f3n.<\/p>\t\t\t\t\t\t\t\t<\/div>\n\t\t\t\t<\/div>\n\t\t\t\t<div class=\"elementor-element elementor-element-5652ba1 elementor-widget-divider--view-line elementor-widget elementor-widget-divider\" data-id=\"5652ba1\" data-element_type=\"widget\" data-widget_type=\"divider.default\">\n\t\t\t\t<div class=\"elementor-widget-container\">\n\t\t\t\t\t\t\t<div class=\"elementor-divider\">\n\t\t\t<span class=\"elementor-divider-separator\">\n\t\t\t\t\t\t<\/span>\n\t\t<\/div>\n\t\t\t\t\t\t<\/div>\n\t\t\t\t<\/div>\n\t\t\t\t<div class=\"elementor-element elementor-element-2fabc91 elementor-position-left elementor-vertical-align-middle elementor-mobile-position-left elementor-view-default elementor-widget elementor-widget-icon-box\" data-id=\"2fabc91\" data-element_type=\"widget\" data-widget_type=\"icon-box.default\">\n\t\t\t\t<div class=\"elementor-widget-container\">\n\t\t\t\t\t\t\t<div class=\"elementor-icon-box-wrapper\">\n\n\t\t\t\t\t\t<div class=\"elementor-icon-box-icon\">\n\t\t\t\t<span  class=\"elementor-icon\">\n\t\t\t\t<svg aria-hidden=\"true\" class=\"e-font-icon-svg e-fas-leaf\" viewBox=\"0 0 576 512\" xmlns=\"http:\/\/www.w3.org\/2000\/svg\"><path d=\"M546.2 9.7c-5.6-12.5-21.6-13-28.3-1.2C486.9 62.4 431.4 96 368 96h-80C182 96 96 182 96 288c0 7 .8 13.7 1.5 20.5C161.3 262.8 253.4 224 384 224c8.8 0 16 7.2 16 16s-7.2 16-16 16C132.6 256 26 410.1 2.4 468c-6.6 16.3 1.2 34.9 17.5 41.6 16.4 6.8 35-1.1 41.8-17.3 1.5-3.6 20.9-47.9 71.9-90.6 32.4 43.9 94 85.8 174.9 77.2C465.5 467.5 576 326.7 576 154.3c0-50.2-10.8-102.2-29.8-144.6z\"><\/path><\/svg>\t\t\t\t<\/span>\n\t\t\t<\/div>\n\t\t\t\n\t\t\t\n\t\t<\/div>\n\t\t\t\t\t\t<\/div>\n\t\t\t\t<\/div>\n\t\t\t\t<div class=\"elementor-element elementor-element-584924a elementor-widget elementor-widget-heading\" data-id=\"584924a\" data-element_type=\"widget\" data-widget_type=\"heading.default\">\n\t\t\t\t<div class=\"elementor-widget-container\">\n\t\t\t\t\t<h2 class=\"elementor-heading-title elementor-size-default\">VISION<\/h2>\t\t\t\t<\/div>\n\t\t\t\t<\/div>\n\t\t\t\t<div class=\"elementor-element elementor-element-41851e5 elementor-widget elementor-widget-text-editor\" data-id=\"41851e5\" data-element_type=\"widget\" data-widget_type=\"text-editor.default\">\n\t\t\t\t<div class=\"elementor-widget-container\">\n\t\t\t\t\t\t\t\t\t<p>CADESOL tiene como visi\u00f3n ser una instituci\u00f3n l\u00edder en la promoci\u00f3n del desarrollo sostenible local de las comunidades de nuestros \u00e1mbitos de acci\u00f3n..<\/p>\t\t\t\t\t\t\t\t<\/div>\n\t\t\t\t<\/div>\n\t\t\t\t<\/div>\n\t\t\t\t\t<\/div>\n\t\t\t\t<\/div>\n\t\t\t\t<section class=\"elementor-section elementor-top-section elementor-element elementor-element-6vsuf5y elementor-section-boxed elementor-section-height-default elementor-section-height-default\" data-id=\"6vsuf5y\" data-element_type=\"section\" data-settings=\"{&quot;background_background&quot;:&quot;classic&quot;}\">\n\t\t\t\t\t\t\t<div class=\"elementor-background-overlay\"><\/div>\n\t\t\t\t\t\t\t<div class=\"elementor-container elementor-column-gap-default\">\n\t\t\t\t\t<div class=\"elementor-column elementor-col-100 elementor-top-column elementor-element elementor-element-dd305b2\" data-id=\"dd305b2\" data-element_type=\"column\">\n\t\t\t<div class=\"elementor-widget-wrap elementor-element-populated\">\n\t\t\t\t\t\t<div class=\"elementor-element elementor-element-573fe53 elementor-widget elementor-widget-heading\" data-id=\"573fe53\" data-element_type=\"widget\" data-widget_type=\"heading.default\">\n\t\t\t\t<div class=\"elementor-widget-container\">\n\t\t\t\t\t<h2 class=\"elementor-heading-title elementor-size-default\">Nuestra Experiencia\n<\/h2>\t\t\t\t<\/div>\n\t\t\t\t<\/div>\n\t\t\t\t<div class=\"elementor-element elementor-element-3171737 elementor-invisible elementor-widget elementor-widget-text-editor\" data-id=\"3171737\" data-element_type=\"widget\" data-settings=\"{&quot;_animation&quot;:&quot;fadeIn&quot;}\" data-widget_type=\"text-editor.default\">\n\t\t\t\t<div class=\"elementor-widget-container\">\n\t\t\t\t\t\t\t\t\t<p>Todo el equipo profesional que conforma CADESOL, cuenta con la experiencia necesaria en los trabajos de promoci\u00f3n, organizaci\u00f3n, desarrollo comunal, diagn\u00f3sticos participativos, capacitaci\u00f3n, as\u00ed como en la elaboraci\u00f3n, gesti\u00f3n y ejecuci\u00f3n de proyectos de desarrollo sostenible.<br \/><br \/>En la actualidad, la actividad visible de CADESOL, abarca desde la identificaci\u00f3n, formulaci\u00f3n y ejecuci\u00f3n de Proyectos de Infraestructura (Sistemas de Agua Potable, Letrinizaciones, Caminos Rurales, etc.), Planes Estrat\u00e9gicos Locales, estudios socioecon\u00f3micos de proyectos sociales, Asesor\u00edas, Consultor\u00edas, hasta la Capacitaci\u00f3n en nuestras principales \u00e1reas de acci\u00f3n. B\u00e1sicamente en Infraestructura y saneamiento ambiental, recursos naturales, Medio Ambiente, Agro ecolog\u00eda, Educaci\u00f3n; as\u00ed mismo estamos asesorando a los Gobiernos Locales en Fundraising (Gesti\u00f3n de Fondos para Proyectos), Gesti\u00f3n Municipal, elaboraci\u00f3n de Planes Estrat\u00e9gicos de Desarrollo.<\/p>\t\t\t\t\t\t\t\t<\/div>\n\t\t\t\t<\/div>\n\t\t\t\t\t<\/div>\n\t\t<\/div>\n\t\t\t\t\t<\/div>\n\t\t<\/section>\n\t\t\t\t<\/div>\n\t\t","protected":false},"excerpt":{"rendered":"<p>CADESOL Centro Andino para el Desarrollo Sostenible Local Nuestra Historia Somos CADESOL \u00a0 CADESOL es una Asociaci\u00f3n Civil de derecho [&hellip;]<\/p>\n","protected":false},"author":1,"featured_media":0,"parent":0,"menu_order":0,"comment_status":"closed","ping_status":"closed","template":"","meta":{"pagelayer_contact_templates":[],"_pagelayer_content":"","site-sidebar-layout":"no-sidebar","site-content-layout":"","ast-site-content-layout":"full-width-container","site-content-style":"unboxed","site-sidebar-style":"unboxed","ast-global-header-display":"","ast-banner-title-visibility":"","ast-main-header-display":"","ast-hfb-above-header-display":"","ast-hfb-below-header-display":"","ast-hfb-mobile-header-display":"","site-post-title":"disabled","ast-breadcrumbs-content":"","ast-featured-img":"disabled","footer-sml-layout":"","theme-transparent-header-meta":"enabled","adv-header-id-meta":"","stick-header-meta":"","header-above-stick-meta":"","header-main-stick-meta":"","header-below-stick-meta":"","astra-migrate-meta-layouts":"default","ast-page-background-enabled":"default","ast-page-background-meta":{"desktop":{"background-color":"var(--ast-global-color-4)","background-image":"","background-repeat":"repeat","background-position":"center center","background-size":"auto","background-attachment":"scroll","background-type":"","background-media":"","overlay-type":"","overlay-color":"","overlay-opacity":"","overlay-gradient":""},"tablet":{"background-color":"","background-image":"","background-repeat":"repeat","background-position":"center center","background-size":"auto","background-attachment":"scroll","background-type":"","background-media":"","overlay-type":"","overlay-color":"","overlay-opacity":"","overlay-gradient":""},"mobile":{"background-color":"","background-image":"","background-repeat":"repeat","background-position":"center center","background-size":"auto","background-attachment":"scroll","background-type":"","background-media":"","overlay-type":"","overlay-color":"","overlay-opacity":"","overlay-gradient":""}},"ast-content-background-meta":{"desktop":{"background-color":"var(--ast-global-color-5)","background-image":"","background-repeat":"repeat","background-position":"center center","background-size":"auto","background-attachment":"scroll","background-type":"","background-media":"","overlay-type":"","overlay-color":"","overlay-opacity":"","overlay-gradient":""},"tablet":{"background-color":"var(--ast-global-color-5)","background-image":"","background-repeat":"repeat","background-position":"center center","background-size":"auto","background-attachment":"scroll","background-type":"","background-media":"","overlay-type":"","overlay-color":"","overlay-opacity":"","overlay-gradient":""},"mobile":{"background-color":"var(--ast-global-color-5)","background-image":"","background-repeat":"repeat","background-position":"center center","background-size":"auto","background-attachment":"scroll","background-type":"","background-media":"","overlay-type":"","overlay-color":"","overlay-opacity":"","overlay-gradient":""}},"footnotes":""},"class_list":["post-1029","page","type-page","status-publish","hentry"],"_links":{"self":[{"href":"https:\/\/cadesol.org\/index.php?rest_route=\/wp\/v2\/pages\/1029","targetHints":{"allow":["GET"]}}],"collection":[{"href":"https:\/\/cadesol.org\/index.php?rest_route=\/wp\/v2\/pages"}],"about":[{"href":"https:\/\/cadesol.org\/index.php?rest_route=\/wp\/v2\/types\/page"}],"author":[{"embeddable":true,"href":"https:\/\/cadesol.org\/index.php?rest_route=\/wp\/v2\/users\/1"}],"replies":[{"embeddable":true,"href":"https:\/\/cadesol.org\/index.php?rest_route=%2Fwp%2Fv2%2Fcomments&post=1029"}],"version-history":[{"count":27,"href":"https:\/\/cadesol.org\/index.php?rest_route=\/wp\/v2\/pages\/1029\/revisions"}],"predecessor-version":[{"id":1230,"href":"https:\/\/cadesol.org\/index.php?rest_route=\/wp\/v2\/pages\/1029\/revisions\/1230"}],"wp:attachment":[{"href":"https:\/\/cadesol.org\/index.php?rest_route=%2Fwp%2Fv2%2Fmedia&parent=1029"}],"curies":[{"name":"wp","href":"https:\/\/api.w.org\/{rel}","templated":true}]}}